{"id":3838,"date":"2016-01-24T15:05:15","date_gmt":"2016-01-24T13:05:15","guid":{"rendered":"http:\/\/parosparadise.com\/CzechMates\/?page_id=3838"},"modified":"2020-12-27T11:12:15","modified_gmt":"2020-12-27T11:12:15","slug":"oeuvre","status":"publish","type":"page","link":"https:\/\/parosparadise.com\/CzechMates\/oeuvre\/","title":{"rendered":"Oeuvre"},"content":{"rendered":"<p>Oeuvre: \u00a0I bet you don&#8217;t see that word very often. \u00a0I wonder if I will have to change the title for better search engine results.<\/p>\n<p>So this page is <strong>not<\/strong> my complete body of works, rather it is to reference articles that I have written that have been published elsewhere.\u00a0 I intended to write more about Prague and Czechia but life has moved on . . .<\/p>\n<p>So, if you are interested, you will find articles that don&#8217;t specifically relate to <a href=\"https:\/\/parosparadise.com\/CzechMates\/\">Czechia<\/a>, <a href=\"https:\/\/parosparadise.com\/\" target=\"_blank\" rel=\"noopener\">Greece<\/a> or <a href=\"https:\/\/www.irelandtravelinformation.com\/\" target=\"_blank\" rel=\"noopener\">Ireland<\/a> on <a href=\"https:\/\/travelshepherd.com\/sitemap.htm\" target=\"_blank\" rel=\"noopener\">Travel Shepherd.com<\/a>\u00a0 \u00a0Take a look, please.<\/p>\n<h2>International Card Games<\/h2>\n<h2><a href=\"http:\/\/parosparadise.com\/CzechMates\/wp-content\/uploads\/2016\/01\/ShitheadWinners.jpg\" rel=\"attachment wp-att-3840\"><img loading=\"lazy\" decoding=\"async\" data-attachment-id=\"3840\" data-permalink=\"https:\/\/parosparadise.com\/CzechMates\/oeuvre\/shitheadwinners\/\" data-orig-file=\"https:\/\/parosparadise.com\/CzechMates\/wp-content\/uploads\/2016\/01\/ShitheadWinners.jpg\" data-orig-size=\"844,679\" data-comments-opened=\"1\" data-image-meta=\"{&quot;aperture&quot;:&quot;2.7&quot;,&quot;credit&quot;:&quot;&quot;,&quot;camera&quot;:&quot;Canon PowerShot A1100 IS&quot;,&quot;caption&quot;:&quot;&quot;,&quot;created_timestamp&quot;:&quot;1372432803&quot;,&quot;copyright&quot;:&quot;&quot;,&quot;focal_length&quot;:&quot;6.2&quot;,&quot;iso&quot;:&quot;250&quot;,&quot;shutter_speed&quot;:&quot;0.016666666666667&quot;,&quot;title&quot;:&quot;&quot;,&quot;orientation&quot;:&quot;0&quot;}\" data-image-title=\"Shithead Winners\" data-image-description=\"\" data-image-caption=\"\" data-medium-file=\"https:\/\/parosparadise.com\/CzechMates\/wp-content\/uploads\/2016\/01\/ShitheadWinners-300x241.jpg\" data-large-file=\"https:\/\/parosparadise.com\/CzechMates\/wp-content\/uploads\/2016\/01\/ShitheadWinners.jpg\" class=\"alignleft size-medium wp-image-3840\" src=\"http:\/\/parosparadise.com\/CzechMates\/wp-content\/uploads\/2016\/01\/ShitheadWinners-300x241.jpg\" alt=\"Czech Shithead tournament\" width=\"300\" height=\"241\" srcset=\"https:\/\/parosparadise.com\/CzechMates\/wp-content\/uploads\/2016\/01\/ShitheadWinners-300x241.jpg 300w, https:\/\/parosparadise.com\/CzechMates\/wp-content\/uploads\/2016\/01\/ShitheadWinners-150x121.jpg 150w, https:\/\/parosparadise.com\/CzechMates\/wp-content\/uploads\/2016\/01\/ShitheadWinners-768x618.jpg 768w, https:\/\/parosparadise.com\/CzechMates\/wp-content\/uploads\/2016\/01\/ShitheadWinners-373x300.jpg 373w, https:\/\/parosparadise.com\/CzechMates\/wp-content\/uploads\/2016\/01\/ShitheadWinners.jpg 844w\" sizes=\"(max-width: 300px) 100vw, 300px\" \/><\/a><\/h2>\n<p>This article was originally published in The Opinions Post which is no longer extant. \u00a0The original title was <strong><em>Poker or S***heat: \u00a0Card Game of the Future<\/em><\/strong><\/p>\n<p>Poker is a card game that started in the US on Mississippi riverboats, spread west with the California gold rush and then around the world among those who enjoy gambling.\u00a0 The last few decades have seen its popularity skyrocket due to major TV sports coverage.\u00a0 Now there are signs that popularity is waning as other forms of entertainment come to the front.\u00a0 Will Poker be replaced by Shithead as the most popular tournament game?<\/p>\n<p>Shithead is a card game of unknown origin that has been spread around the world by student travelers.\u00a0 A web site called List Nerd lists Shithead as the Number One \u201cbest playing card game of all time\u201d. \u00a0It is certainly my favourite game.\u00a0 My wife and I have played best-two-out-of-three hands after dinner as a routine for the last 15 years (This tradition helped by the fact we did not have TV reception for many of those years.).\u00a0 I think the game is utterly brilliant and its inventor ought to win a Nobel Prize or something.\u00a0 The card play is diabolical and the outcome is never known until the last hidden card is turned over.\u00a0 Some say there are no winners in this game only losers and that is how it got its name.<\/p>\n<p>However, there may not be an inventor because as the game has travelled the rules have evolved.\u00a0 Every location seems to have their own variation. \u00a0Yet just as international travelers overcome the language barrier they manage to adapt to the varied use of each card.\u00a0 \u00a0The Czech Republic and specifically the college town of Ji\u010d\u00edn may be the international capital of the game at this time.\u00a0 There English instructor Scott Lee Hansen combined his favourite game with the chance to get Czech students speaking English with each other as well as a few native speakers.\u00a0 He founded the <a href=\"http:\/\/parosparadise.com\/CzechMates\/2013\/07\/01\/jicin-and-the-shithead-connection\/\">Ji\u010d\u00edn International Shithead League<\/a> which meets in the back room of a local pub.<\/p>\n<p>This is a well-organized league with once a month sessions that culminate in a championship at the end of the school year.\u00a0 Instead of a rotating trophy there is a rotating shirt emblazoned with Czech Champion.\u00a0 The winner does get to take home a bottle of wine, but it is their duty to contribute one for the next month\u2019s winner.\u00a0 I think there is a cash prize for the annual champion; last year they got to keep the wine and a watermelon.<\/p>\n<p>In 2013 Charles University law student Robin Brad Fle\u010dek who is from Ji\u010d\u00edn started the Prague International Shithead League.\u00a0 Though he does confess my wife and I were the first non-Czech players when we showed up for the fifth tournament.\u00a0 It was great fun playing with the future lawyers all of whom spoke better English than we did Czech.\u00a0 We were treated as honored guests but did not survive the elimination round.<\/p>\n<p>Also I have located regular Shithead Mondays at the Thistle Pub in Paris and the Overseas Club in Cologne, Germany has an annual tournament.\u00a0 Any readers who know of other venues please comment.\u00a0 One aficionado with programming skills has created a computer game you can find at Shithead-Cardgame.com \u00a0 \u00a0There are smart phone apps available as well.\u00a0 I liked this statement from the GooglePlay version:\u00a0 \u00a0\u00a0\u00a0\u00a0 \u201cBecause Shithead is so widely spread all over the continents, there are several ways to play. \u00a0We incorporated this by defining a standard rule set and allowing the player to optionally enable several more rules.\u201d<\/p>\n<p>There is another major difference between Poker and Shithead. The recently crowned European Poker Champion from Greece, Sotiris Koutoupas emphasized, \u201cPoker is a game of mental skill, not chance\u201d.\u00a0 In contrast Shithead involves a great deal of chance since each player\u2019s last three cards are unknown by everyone.\u00a0 Yet skill is required to get to that point before the others and then again in tactics and strategy as the same cards get played back and forth among players in the end game.<a href=\"http:\/\/parosparadise.com\/CzechMates\/wp-content\/uploads\/2016\/01\/CardShark.jpg\" rel=\"attachment wp-att-3841\"><img loading=\"lazy\" decoding=\"async\" data-attachment-id=\"3841\" data-permalink=\"https:\/\/parosparadise.com\/CzechMates\/oeuvre\/cardshark\/\" data-orig-file=\"https:\/\/parosparadise.com\/CzechMates\/wp-content\/uploads\/2016\/01\/CardShark.jpg\" data-orig-size=\"960,720\" data-comments-opened=\"1\" data-image-meta=\"{&quot;aperture&quot;:&quot;0&quot;,&quot;credit&quot;:&quot;&quot;,&quot;camera&quot;:&quot;&quot;,&quot;caption&quot;:&quot;&quot;,&quot;created_timestamp&quot;:&quot;0&quot;,&quot;copyright&quot;:&quot;&quot;,&quot;focal_length&quot;:&quot;0&quot;,&quot;iso&quot;:&quot;0&quot;,&quot;shutter_speed&quot;:&quot;0&quot;,&quot;title&quot;:&quot;&quot;,&quot;orientation&quot;:&quot;0&quot;}\" data-image-title=\"Card Shark\" data-image-description=\"\" data-image-caption=\"\" data-medium-file=\"https:\/\/parosparadise.com\/CzechMates\/wp-content\/uploads\/2016\/01\/CardShark-300x225.jpg\" data-large-file=\"https:\/\/parosparadise.com\/CzechMates\/wp-content\/uploads\/2016\/01\/CardShark.jpg\" class=\"alignright size-medium wp-image-3841\" src=\"http:\/\/parosparadise.com\/CzechMates\/wp-content\/uploads\/2016\/01\/CardShark-300x225.jpg\" alt=\"international games Shithead\" width=\"300\" height=\"225\" srcset=\"https:\/\/parosparadise.com\/CzechMates\/wp-content\/uploads\/2016\/01\/CardShark-300x225.jpg 300w, https:\/\/parosparadise.com\/CzechMates\/wp-content\/uploads\/2016\/01\/CardShark-150x113.jpg 150w, https:\/\/parosparadise.com\/CzechMates\/wp-content\/uploads\/2016\/01\/CardShark-768x576.jpg 768w, https:\/\/parosparadise.com\/CzechMates\/wp-content\/uploads\/2016\/01\/CardShark-400x300.jpg 400w, https:\/\/parosparadise.com\/CzechMates\/wp-content\/uploads\/2016\/01\/CardShark.jpg 960w\" sizes=\"(max-width: 300px) 100vw, 300px\" \/><\/a><\/p>\n<p>So, if you like to make your own rules, learn this game.\u00a0 Then start your own league that requires everyone to play by your rules.\u00a0 What could be better than that!\u00a0 You may be the next star of the World Series of Shithead.<\/p>\n","protected":false},"excerpt":{"rendered":"<p>Oeuvre: \u00a0I bet you don&#8217;t see that word very often. \u00a0I wonder if I will have to change the title for better search engine results. So this page is not my complete body of works, rather it is to reference &hellip; <a href=\"https:\/\/parosparadise.com\/CzechMates\/oeuvre\/\">Continue reading <span class=\"meta-nav\">&rarr;<\/span><\/a><\/p>\n","protected":false},"author":1,"featured_media":0,"parent":0,"menu_order":0,"comment_status":"closed","ping_status":"closed","template":"","meta":{"jetpack_post_was_ever_published":false,"footnotes":""},"jetpack_shortlink":"https:\/\/wp.me\/P2MK34-ZU","jetpack_sharing_enabled":true,"jetpack-related-posts":[{"id":2375,"url":"https:\/\/parosparadise.com\/CzechMates\/","url_meta":{"origin":3838,"position":0},"title":"Annual Events Calendar &#038; Home Page","author":"Michael","date":"December 4, 2015","format":false,"excerpt":"Please Click For Current Blog Posts Welcome to our site about life in the Czech Republic. \u00a0We have lived and traveled here for several years. \u00a0Please browse or search the site for our personalized travel guide to Prague and Czechia. \u00a0Start here for our favorite places or here for trips\u2026","rel":"","context":"With 2 comments","block_context":{"text":"With 2 comments","link":"https:\/\/parosparadise.com\/CzechMates\/#comments"},"img":{"alt_text":"","src":"https:\/\/i0.wp.com\/parosparadise.com\/CzechMates\/wp-content\/uploads\/2015\/12\/OldTownSquare-225x300.jpg?resize=350%2C200","width":350,"height":200},"classes":[]}],"_links":{"self":[{"href":"https:\/\/parosparadise.com\/CzechMates\/wp-json\/wp\/v2\/pages\/3838"}],"collection":[{"href":"https:\/\/parosparadise.com\/CzechMates\/wp-json\/wp\/v2\/pages"}],"about":[{"href":"https:\/\/parosparadise.com\/CzechMates\/wp-json\/wp\/v2\/types\/page"}],"author":[{"embeddable":true,"href":"https:\/\/parosparadise.com\/CzechMates\/wp-json\/wp\/v2\/users\/1"}],"replies":[{"embeddable":true,"href":"https:\/\/parosparadise.com\/CzechMates\/wp-json\/wp\/v2\/comments?post=3838"}],"version-history":[{"count":5,"href":"https:\/\/parosparadise.com\/CzechMates\/wp-json\/wp\/v2\/pages\/3838\/revisions"}],"predecessor-version":[{"id":10072,"href":"https:\/\/parosparadise.com\/CzechMates\/wp-json\/wp\/v2\/pages\/3838\/revisions\/10072"}],"wp:attachment":[{"href":"https:\/\/parosparadise.com\/CzechMates\/wp-json\/wp\/v2\/media?parent=3838"}],"curies":[{"name":"wp","href":"https:\/\/api.w.org\/{rel}","templated":true}]}}